{"id":10092,"date":"2022-01-13T15:49:59","date_gmt":"2022-01-13T15:49:59","guid":{"rendered":"https:\/\/empiremerch.com\/shop\/product\/szerotoninmezok-ladies-thsirt\/"},"modified":"2023-01-02T14:15:06","modified_gmt":"2023-01-02T14:15:06","slug":"szerotoninmezok-ladies-thsirt","status":"publish","type":"product","link":"https:\/\/empiremerch.com\/shop\/hu\/termek\/szerotoninmezok-ladies-thsirt\/","title":{"rendered":"Szerotoninmez\u0151k ladies thsirt"},"content":{"rendered":"<div class=\"col-lg-12\">\n<table class=\"table table-bordered table-hover\" width=\"100%\">\n<tbody>\n<tr>\n<th class=\"a-center\">S<\/th>\n<th class=\"a-center\">M<\/th>\n<th class=\"a-center\">L<\/th>\n<th class=\"a-center\">XL<\/th>\n<th class=\"a-center\">2XL<\/th>\n<th id=\"sizespecImage\" rowspan=\"5\" width=\"150\"><img decoding=\"async\" src=\"https:\/\/utteam.com\/utt_img\/\/specimages\/6nsbrh_tshirt-ladies.png\" \/><\/th>\n<\/tr>\n<tr>\n<td>db\/<i class=\"fa fa-cube\"><\/i><\/td>\n<td class=\"a-center\">72<\/td>\n<td class=\"a-center\">72<\/td>\n<td class=\"a-center\">72<\/td>\n<td class=\"a-center\">72<\/td>\n<td class=\"a-center\">72<\/td>\n<\/tr>\n<tr>\n<td>Testhossz (A)<\/td>\n<td class=\"a-center\">64<\/td>\n<td class=\"a-center\">67<\/td>\n<td class=\"a-center\">69<\/td>\n<td class=\"a-center\">71<\/td>\n<td class=\"a-center\">72<\/td>\n<\/tr>\n<tr>\n<td>Mellsz\u00e9less\u00e9g (B)<\/td>\n<td class=\"a-center\">41<\/td>\n<td class=\"a-center\">43<\/td>\n<td class=\"a-center\">47<\/td>\n<td class=\"a-center\">50<\/td>\n<td class=\"a-center\">56<\/td>\n<\/tr>\n<tr>\n<td>Ujjhossz (C)<\/td>\n<td class=\"a-center\">29<\/td>\n<td class=\"a-center\">30<\/td>\n<td class=\"a-center\">32<\/td>\n<td class=\"a-center\">34<\/td>\n<td class=\"a-center\">36<\/td>\n<\/tr>\n<\/tbody>\n<\/table>\n<\/div>\n","protected":false},"excerpt":{"rendered":"<p>GI64000 SOFTSTYLE\u00ae FELN\u0150TT\u00a0 N\u0150I P\u00d3L\u00d3<\/p>\n<p>100% gy\u0171r\u0171s fon\u00e1s\u00fa pamut ,fekete \u00e9s feh\u00e9r p\u00f3l\u00f3<\/p>\n<p>Testhez \u00e1ll\u00f3,oldalvarrott<\/p>\n<p>Tiszt\u00edt\u00e1s: max.40\u00b0<\/p>\n<p>&nbsp;<\/p>\n<p><span class=\"VIiyi\" lang=\"en\"><span class=\"JLqJ4b ChMk0b\" data-language-for-alternatives=\"en\" data-language-to-translate-into=\"hu\" data-phrase-index=\"0\" data-number-of-phrases=\"7\">GI64000 SOFTSTYLE\u00ae ADULT WOMEN&#8217;S SHIRT<\/span> <\/span><\/p>\n<p><span class=\"VIiyi\" lang=\"en\"><span class=\"JLqJ4b ChMk0b\" data-language-for-alternatives=\"en\" data-language-to-translate-into=\"hu\" data-phrase-index=\"2\" data-number-of-phrases=\"7\">100% ring spun cotton, black t-shirt<\/span><\/span><\/p>\n<p><span class=\"VIiyi\" lang=\"en\"> <span class=\"JLqJ4b ChMk0b\" data-language-for-alternatives=\"en\" data-language-to-translate-into=\"hu\" data-phrase-index=\"4\" data-number-of-phrases=\"7\">Fit to the body, side-stitched<\/span> <\/span><\/p>\n<p><span class=\"VIiyi\" lang=\"en\"><span class=\"JLqJ4b ChMk0b\" data-language-for-alternatives=\"en\" data-language-to-translate-into=\"hu\" data-phrase-index=\"6\" data-number-of-phrases=\"7\">Cleaning: max. 40 \u00b0<\/span><\/span><\/p>\n<p>&nbsp;<\/p>\n<p>&nbsp;<\/p>\n","protected":false},"featured_media":6546,"template":"","meta":[],"product_cat":[157,93],"product_tag":[],"_links":{"self":[{"href":"https:\/\/empiremerch.com\/shop\/hu\/wp-json\/wp\/v2\/product\/10092"}],"collection":[{"href":"https:\/\/empiremerch.com\/shop\/hu\/wp-json\/wp\/v2\/product"}],"about":[{"href":"https:\/\/empiremerch.com\/shop\/hu\/wp-json\/wp\/v2\/types\/product"}],"wp:featuredmedia":[{"embeddable":true,"href":"https:\/\/empiremerch.com\/shop\/hu\/wp-json\/wp\/v2\/media\/6546"}],"wp:attachment":[{"href":"https:\/\/empiremerch.com\/shop\/hu\/wp-json\/wp\/v2\/media?parent=10092"}],"wp:term":[{"taxonomy":"product_cat","embeddable":true,"href":"https:\/\/empiremerch.com\/shop\/hu\/wp-json\/wp\/v2\/product_cat?post=10092"},{"taxonomy":"product_tag","embeddable":true,"href":"https:\/\/empiremerch.com\/shop\/hu\/wp-json\/wp\/v2\/product_tag?post=10092"}],"curies":[{"name":"wp","href":"https:\/\/api.w.org\/{rel}","templated":true}]}}