{"id":10251,"date":"2022-06-21T10:15:22","date_gmt":"2022-06-21T10:15:22","guid":{"rendered":"https:\/\/empiremerch.com\/shop\/product\/toxic-weekend-anarchy-on-orfu-pulover\/"},"modified":"2023-08-02T19:42:06","modified_gmt":"2023-08-02T19:42:06","slug":"toxic-weekend-anarchy-on-orfu-pulover","status":"publish","type":"product","link":"https:\/\/empiremerch.com\/shop\/hu\/termek\/toxic-weekend-anarchy-on-orfu-pulover\/","title":{"rendered":"Toxic weekend-Anarchy on Orf\u0171-pul\u00f3ver"},"content":{"rendered":"<p><img decoding=\"async\" loading=\"lazy\" class=\"alignnone size-full wp-image-7866\" src=\"https:\/\/empiremerch.com\/shop\/wp-content\/uploads\/2022\/06\/bc_king_sizechart-1.png\" alt=\"\" width=\"829\" height=\"187\" srcset=\"https:\/\/empiremerch.com\/shop\/wp-content\/uploads\/2022\/06\/bc_king_sizechart-1.png 829w, https:\/\/empiremerch.com\/shop\/wp-content\/uploads\/2022\/06\/bc_king_sizechart-1-300x68.png 300w, https:\/\/empiremerch.com\/shop\/wp-content\/uploads\/2022\/06\/bc_king_sizechart-1-768x173.png 768w, https:\/\/empiremerch.com\/shop\/wp-content\/uploads\/2022\/06\/bc_king_sizechart-1-555x125.png 555w\" sizes=\"(max-width: 829px) 100vw, 829px\" \/><\/p>\n","protected":false},"excerpt":{"rendered":"<p>A TOXIC WEEKEND Fesztiv\u00e1l pul\u00f3vere,unisex szab\u00e1s\u00fa B&amp;C KING alapanyagon, el\u00f6l+h\u00e1tul nyomva.<br \/>\nB&amp;C KING zipz\u00e1ras kapucnis pul\u00f3ver, 80%20 pamut\/poli\u00e9szter<br \/>\nM\u00e9rett\u00e1bl\u00e1zat l\u00e1sd alul a le\u00edr\u00e1sban.<\/p>\n<p><strong>\u00a0<\/strong><\/p>\n<p>The official Merchandise of TOXIC WEEKEND Festival, printed on B&amp;C KING zip hoodie front+back.<br \/>\nB&amp;C KING Zip Hoodie 80%20 cotton\/polyester<br \/>\nSee size chart below in description.<\/p>\n<p>&nbsp;<\/p>\n<p><strong>\u00a0<\/strong><\/p>\n","protected":false},"featured_media":8880,"template":"","meta":[],"product_cat":[84,357],"product_tag":[],"_links":{"self":[{"href":"https:\/\/empiremerch.com\/shop\/hu\/wp-json\/wp\/v2\/product\/10251"}],"collection":[{"href":"https:\/\/empiremerch.com\/shop\/hu\/wp-json\/wp\/v2\/product"}],"about":[{"href":"https:\/\/empiremerch.com\/shop\/hu\/wp-json\/wp\/v2\/types\/product"}],"wp:featuredmedia":[{"embeddable":true,"href":"https:\/\/empiremerch.com\/shop\/hu\/wp-json\/wp\/v2\/media\/8880"}],"wp:attachment":[{"href":"https:\/\/empiremerch.com\/shop\/hu\/wp-json\/wp\/v2\/media?parent=10251"}],"wp:term":[{"taxonomy":"product_cat","embeddable":true,"href":"https:\/\/empiremerch.com\/shop\/hu\/wp-json\/wp\/v2\/product_cat?post=10251"},{"taxonomy":"product_tag","embeddable":true,"href":"https:\/\/empiremerch.com\/shop\/hu\/wp-json\/wp\/v2\/product_tag?post=10251"}],"curies":[{"name":"wp","href":"https:\/\/api.w.org\/{rel}","templated":true}]}}