{"id":10257,"date":"2022-06-21T09:31:47","date_gmt":"2022-06-21T09:31:47","guid":{"rendered":"https:\/\/empiremerch.com\/shop\/product\/toxic-weekend-anarchy-on-orfu-polo\/"},"modified":"2023-08-03T10:17:32","modified_gmt":"2023-08-03T10:17:32","slug":"toxic-weekend-anarchy-on-orfu-polo","status":"publish","type":"product","link":"https:\/\/empiremerch.com\/shop\/hu\/termek\/toxic-weekend-anarchy-on-orfu-polo\/","title":{"rendered":"Toxic weekend-Anarchy On Orf\u0171-p\u00f3l\u00f3"},"content":{"rendered":"<table class=\"table table-bordered table-hover\" width=\"100%\">\n<tbody>\n<tr>\n<th><\/th>\n<th class=\"a-center\">S<\/th>\n<th class=\"a-center\">M<\/th>\n<th class=\"a-center\">L<\/th>\n<th class=\"a-center\">XL<\/th>\n<th class=\"a-center\">2XL<\/th>\n<th id=\"sizespecImage\" rowspan=\"5\" width=\"150\"><img decoding=\"async\" src=\"https:\/\/utteam.com\/utt_img\/\/specimages\/6nsbrh_tshirt-ladies.png\" \/><\/th>\n<\/tr>\n<tr>\n<td>db\/<i class=\"fa fa-cube\"><\/i><\/td>\n<td class=\"a-center\">72<\/td>\n<td class=\"a-center\">72<\/td>\n<td class=\"a-center\">72<\/td>\n<td class=\"a-center\">72<\/td>\n<td class=\"a-center\">72<\/td>\n<\/tr>\n<tr>\n<td>Testhossz (A)<\/td>\n<td class=\"a-center\">64<\/td>\n<td class=\"a-center\">67<\/td>\n<td class=\"a-center\">69<\/td>\n<td class=\"a-center\">71<\/td>\n<td class=\"a-center\">72<\/td>\n<\/tr>\n<tr>\n<td>Mellb\u0151s\u00e9g (B)<\/td>\n<td class=\"a-center\">41<\/td>\n<td class=\"a-center\">43<\/td>\n<td class=\"a-center\">47<\/td>\n<td class=\"a-center\">50<\/td>\n<td class=\"a-center\">56<\/td>\n<\/tr>\n<tr>\n<td>Ujjhossz (C)<\/td>\n<td class=\"a-center\">29<\/td>\n<td class=\"a-center\">30<\/td>\n<td class=\"a-center\">32<\/td>\n<td class=\"a-center\">34<\/td>\n<td class=\"a-center\">36<\/td>\n<\/tr>\n<\/tbody>\n<\/table>\n<p>&nbsp;<\/p>\n<div class=\"col-lg-12\">\n<table class=\"table table-bordered table-hover\" width=\"100%\">\n<tbody>\n<tr>\n<th class=\"a-center\">XS<\/th>\n<th class=\"a-center\">S<\/th>\n<th class=\"a-center\">M<\/th>\n<th class=\"a-center\">L<\/th>\n<th class=\"a-center\">XL<\/th>\n<th class=\"a-center\">2XL<\/th>\n<th class=\"a-center\">3XL<\/th>\n<th class=\"a-center\">4XL<\/th>\n<th class=\"a-center\">5XL<\/th>\n<th id=\"sizespecImage\" rowspan=\"5\" width=\"150\"><img decoding=\"async\" src=\"https:\/\/utteam.com\/utt_img\/\/specimages\/5gozfr_tshirt.png\" \/><\/th>\n<\/tr>\n<tr>\n<td>db\/<i class=\"fa fa-cube\"><\/i><\/td>\n<td class=\"a-center\">72<\/td>\n<td class=\"a-center\">72<\/td>\n<td class=\"a-center\">72<\/td>\n<td class=\"a-center\">72<\/td>\n<td class=\"a-center\">72<\/td>\n<td class=\"a-center\">72<\/td>\n<td class=\"a-center\">36<\/td>\n<td class=\"a-center\">12<\/td>\n<td class=\"a-center\">12<\/td>\n<\/tr>\n<tr>\n<td>Testhossz (A)<\/td>\n<td class=\"a-center\">0<\/td>\n<td class=\"a-center\">71<\/td>\n<td class=\"a-center\">74<\/td>\n<td class=\"a-center\">77<\/td>\n<td class=\"a-center\">79<\/td>\n<td class=\"a-center\">83<\/td>\n<td class=\"a-center\">85<\/td>\n<td class=\"a-center\">88<\/td>\n<td class=\"a-center\">0<\/td>\n<\/tr>\n<tr>\n<td>Mellb\u0151s\u00e9g (B)<\/td>\n<td class=\"a-center\">0<\/td>\n<td class=\"a-center\">46<\/td>\n<td class=\"a-center\">51<\/td>\n<td class=\"a-center\">56<\/td>\n<td class=\"a-center\">61<\/td>\n<td class=\"a-center\">66<\/td>\n<td class=\"a-center\">71<\/td>\n<td class=\"a-center\">76<\/td>\n<td class=\"a-center\">0<\/td>\n<\/tr>\n<tr>\n<td>Ujjhossz (C)<\/td>\n<td class=\"a-center\">0<\/td>\n<td class=\"a-center\">40<\/td>\n<td class=\"a-center\">43<\/td>\n<td class=\"a-center\">46<\/td>\n<td class=\"a-center\">50<\/td>\n<td class=\"a-center\">53<\/td>\n<td class=\"a-center\">56<\/td>\n<td class=\"a-center\">58<\/td>\n<td class=\"a-center\">0<\/td>\n<\/tr>\n<\/tbody>\n<\/table>\n<\/div>\n","protected":false},"excerpt":{"rendered":"<p>A TOXIC WEEKEND Fesztiv\u00e1l hivatalos p\u00f3l\u00f3ja, f\u00e9rfi \u00e9s n\u0151i szab\u00e1s\u00fa GILDAN alapanyagon, el\u00f6l+h\u00e1tul nyomva.<br \/>\nGildan 64000 Softstyle p\u00f3l\u00f3, 100% pamut.<br \/>\nM\u00e9rett\u00e1bl\u00e1zat l\u00e1sd alul a le\u00edr\u00e1sban.<\/p>\n<p>&nbsp;<\/p>\n<p>The official Merchandise of TOXIC WEEKEND Festival, printed on GILDAN Tshirt\/Girly front+back.<br \/>\nGildan 64000 Tshirt 100% cotton<br \/>\nSee size chart below in description.<\/p>\n<p>&nbsp;<\/p>\n","protected":false},"featured_media":8898,"template":"","meta":[],"product_cat":[93,357],"product_tag":[],"_links":{"self":[{"href":"https:\/\/empiremerch.com\/shop\/hu\/wp-json\/wp\/v2\/product\/10257"}],"collection":[{"href":"https:\/\/empiremerch.com\/shop\/hu\/wp-json\/wp\/v2\/product"}],"about":[{"href":"https:\/\/empiremerch.com\/shop\/hu\/wp-json\/wp\/v2\/types\/product"}],"wp:featuredmedia":[{"embeddable":true,"href":"https:\/\/empiremerch.com\/shop\/hu\/wp-json\/wp\/v2\/media\/8898"}],"wp:attachment":[{"href":"https:\/\/empiremerch.com\/shop\/hu\/wp-json\/wp\/v2\/media?parent=10257"}],"wp:term":[{"taxonomy":"product_cat","embeddable":true,"href":"https:\/\/empiremerch.com\/shop\/hu\/wp-json\/wp\/v2\/product_cat?post=10257"},{"taxonomy":"product_tag","embeddable":true,"href":"https:\/\/empiremerch.com\/shop\/hu\/wp-json\/wp\/v2\/product_tag?post=10257"}],"curies":[{"name":"wp","href":"https:\/\/api.w.org\/{rel}","templated":true}]}}