{"id":10473,"date":"2021-12-14T14:49:10","date_gmt":"2021-12-14T14:49:10","guid":{"rendered":"https:\/\/empiremerch.com\/shop\/product\/rockmaraton-spider-ladies\/"},"modified":"2023-01-03T12:23:50","modified_gmt":"2023-01-03T12:23:50","slug":"rockmaraton-spider-ladies","status":"publish","type":"product","link":"https:\/\/empiremerch.com\/shop\/hu\/termek\/rockmaraton-spider-ladies\/","title":{"rendered":"Rockmaraton Spider Ladies tshirt"},"content":{"rendered":"<table class=\"table table-bordered table-hover\" width=\"100%\">\n<tbody>\n<tr>\n<th><\/th>\n<th class=\"a-center\">S<\/th>\n<th class=\"a-center\">M<\/th>\n<th class=\"a-center\">L<\/th>\n<th class=\"a-center\">XL<\/th>\n<th class=\"a-center\">2XL<\/th>\n<th id=\"sizespecImage\" rowspan=\"5\" width=\"150\"><img decoding=\"async\" src=\"https:\/\/utteam.com\/utt_img\/\/specimages\/6nsbrh_tshirt-ladies.png\" \/><\/th>\n<\/tr>\n<tr>\n<td>db\/<i class=\"fa fa-cube\"><\/i><\/td>\n<td class=\"a-center\">72<\/td>\n<td class=\"a-center\">72<\/td>\n<td class=\"a-center\">72<\/td>\n<td class=\"a-center\">72<\/td>\n<td class=\"a-center\">72<\/td>\n<\/tr>\n<tr>\n<td>Testhossz (A)<\/td>\n<td class=\"a-center\">64<\/td>\n<td class=\"a-center\">67<\/td>\n<td class=\"a-center\">69<\/td>\n<td class=\"a-center\">71<\/td>\n<td class=\"a-center\">72<\/td>\n<\/tr>\n<tr>\n<td>Mellsz\u00e9less\u00e9g (B)<\/td>\n<td class=\"a-center\">41<\/td>\n<td class=\"a-center\">43<\/td>\n<td class=\"a-center\">47<\/td>\n<td class=\"a-center\">50<\/td>\n<td class=\"a-center\">56<\/td>\n<\/tr>\n<tr>\n<td>Ujjhossz (C)<\/td>\n<td class=\"a-center\">29<\/td>\n<td class=\"a-center\">30<\/td>\n<td class=\"a-center\">32<\/td>\n<td class=\"a-center\">34<\/td>\n<td class=\"a-center\">36<\/td>\n<\/tr>\n<\/tbody>\n<\/table>\n","protected":false},"excerpt":{"rendered":"<p>The official Merch of Rockmaraton Festival, printed on Gildan tshirt.<\/p>\n<p>GI64000 SOFTSTYLE\u00ae N\u0150I P\u00d3L\u00d3\/WOMANS TSHIRT<\/p>\n<ul>\n<li>100% gy\u0171r\u0171s fon\u00e1s\u00fa pamut ,fekete p\u00f3l\u00f3<\/li>\n<li>Eurofit<\/li>\n<li>Tiszt\u00edt\u00e1s: max.40\u00b0<\/li>\n<\/ul>\n<p>&nbsp;<\/p>\n<ul>\n<li>100%\u00a0 cotton ,black tshirt<\/li>\n<li>Eurofit<\/li>\n<li>Washing: max.40\u00b0<\/li>\n<\/ul>\n","protected":false},"featured_media":6205,"template":"","meta":[],"product_cat":[89,93,132],"product_tag":[],"_links":{"self":[{"href":"https:\/\/empiremerch.com\/shop\/hu\/wp-json\/wp\/v2\/product\/10473"}],"collection":[{"href":"https:\/\/empiremerch.com\/shop\/hu\/wp-json\/wp\/v2\/product"}],"about":[{"href":"https:\/\/empiremerch.com\/shop\/hu\/wp-json\/wp\/v2\/types\/product"}],"wp:featuredmedia":[{"embeddable":true,"href":"https:\/\/empiremerch.com\/shop\/hu\/wp-json\/wp\/v2\/media\/6205"}],"wp:attachment":[{"href":"https:\/\/empiremerch.com\/shop\/hu\/wp-json\/wp\/v2\/media?parent=10473"}],"wp:term":[{"taxonomy":"product_cat","embeddable":true,"href":"https:\/\/empiremerch.com\/shop\/hu\/wp-json\/wp\/v2\/product_cat?post=10473"},{"taxonomy":"product_tag","embeddable":true,"href":"https:\/\/empiremerch.com\/shop\/hu\/wp-json\/wp\/v2\/product_tag?post=10473"}],"curies":[{"name":"wp","href":"https:\/\/api.w.org\/{rel}","templated":true}]}}