{"id":11055,"date":"2021-07-13T14:51:29","date_gmt":"2021-07-13T14:51:29","guid":{"rendered":"https:\/\/empiremerch.com\/shop\/product\/metal-factory-zipper\/"},"modified":"2023-01-03T17:26:06","modified_gmt":"2023-01-03T17:26:06","slug":"metal-factory-zipper","status":"publish","type":"product","link":"https:\/\/empiremerch.com\/shop\/hu\/termek\/metal-factory-zipper\/","title":{"rendered":"Metal Factory Festival Zip-Up Hoodie"},"content":{"rendered":"<p><img decoding=\"async\" loading=\"lazy\" class=\"alignnone size-full wp-image-3172\" src=\"https:\/\/empiremerch.com\/shop\/wp-content\/uploads\/2021\/04\/russellhoodie.png\" alt=\"\" width=\"2034\" height=\"636\" srcset=\"https:\/\/empiremerch.com\/shop\/wp-content\/uploads\/2021\/04\/russellhoodie.png 2034w, https:\/\/empiremerch.com\/shop\/wp-content\/uploads\/2021\/04\/russellhoodie-300x94.png 300w, https:\/\/empiremerch.com\/shop\/wp-content\/uploads\/2021\/04\/russellhoodie-1024x320.png 1024w, https:\/\/empiremerch.com\/shop\/wp-content\/uploads\/2021\/04\/russellhoodie-768x240.png 768w, https:\/\/empiremerch.com\/shop\/wp-content\/uploads\/2021\/04\/russellhoodie-1536x480.png 1536w, https:\/\/empiremerch.com\/shop\/wp-content\/uploads\/2021\/04\/russellhoodie-555x174.png 555w\" sizes=\"(max-width: 2034px) 100vw, 2034px\" \/><\/p>\n","protected":false},"excerpt":{"rendered":"<p>The official Merch of the Metal Factory Festival, hooded zipper printed on Russel, front and back.<br \/>\nThis is leftover Festival stock, not going to be reprinted.<\/p>\n<p>A Metal Factory fesztiv\u00e1l pulcsi, elej\u00e9n \u00e9s h\u00e1t\u00e1n nyomva Russel cipz\u00e1ras kapucnis pulcsira.<br \/>\nA fesztiv\u00e1lr\u00f3l megmaradt k\u00e9szlet, nem lesz ut\u00e1ngy\u00e1rtva.<\/p>\n","protected":false},"featured_media":4287,"template":"","meta":[],"product_cat":[84,132],"product_tag":[],"_links":{"self":[{"href":"https:\/\/empiremerch.com\/shop\/hu\/wp-json\/wp\/v2\/product\/11055"}],"collection":[{"href":"https:\/\/empiremerch.com\/shop\/hu\/wp-json\/wp\/v2\/product"}],"about":[{"href":"https:\/\/empiremerch.com\/shop\/hu\/wp-json\/wp\/v2\/types\/product"}],"wp:featuredmedia":[{"embeddable":true,"href":"https:\/\/empiremerch.com\/shop\/hu\/wp-json\/wp\/v2\/media\/4287"}],"wp:attachment":[{"href":"https:\/\/empiremerch.com\/shop\/hu\/wp-json\/wp\/v2\/media?parent=11055"}],"wp:term":[{"taxonomy":"product_cat","embeddable":true,"href":"https:\/\/empiremerch.com\/shop\/hu\/wp-json\/wp\/v2\/product_cat?post=11055"},{"taxonomy":"product_tag","embeddable":true,"href":"https:\/\/empiremerch.com\/shop\/hu\/wp-json\/wp\/v2\/product_tag?post=11055"}],"curies":[{"name":"wp","href":"https:\/\/api.w.org\/{rel}","templated":true}]}}