{"id":11568,"date":"2023-01-05T14:43:50","date_gmt":"2023-01-05T14:43:50","guid":{"rendered":"https:\/\/empiremerch.com\/shop\/?post_type=product&#038;p=11568"},"modified":"2023-04-21T09:34:53","modified_gmt":"2023-04-21T09:34:53","slug":"platon-karataev-x-vates-feher-ffi-polo","status":"publish","type":"product","link":"https:\/\/empiremerch.com\/shop\/hu\/product\/platon-karataev-x-vates-feher-ffi-polo\/","title":{"rendered":"Platon Karataev x Vates &#8211; Feh\u00e9r ffi p\u00f3l\u00f3"},"content":{"rendered":"<p>Platon Karatev x Vates &#8211; Feh\u00e9r f\u00e9rfi p\u00f3l\u00f3<\/p>\n","protected":false},"excerpt":{"rendered":"<p>Platon Karatev x Vates &#8211; Fekete f\u00e9rfi p\u00f3l\u00f3<\/p>\n","protected":false},"featured_media":11597,"template":"","meta":[],"product_cat":[120],"product_tag":[],"_links":{"self":[{"href":"https:\/\/empiremerch.com\/shop\/hu\/wp-json\/wp\/v2\/product\/11568"}],"collection":[{"href":"https:\/\/empiremerch.com\/shop\/hu\/wp-json\/wp\/v2\/product"}],"about":[{"href":"https:\/\/empiremerch.com\/shop\/hu\/wp-json\/wp\/v2\/types\/product"}],"wp:featuredmedia":[{"embeddable":true,"href":"https:\/\/empiremerch.com\/shop\/hu\/wp-json\/wp\/v2\/media\/11597"}],"wp:attachment":[{"href":"https:\/\/empiremerch.com\/shop\/hu\/wp-json\/wp\/v2\/media?parent=11568"}],"wp:term":[{"taxonomy":"product_cat","embeddable":true,"href":"https:\/\/empiremerch.com\/shop\/hu\/wp-json\/wp\/v2\/product_cat?post=11568"},{"taxonomy":"product_tag","embeddable":true,"href":"https:\/\/empiremerch.com\/shop\/hu\/wp-json\/wp\/v2\/product_tag?post=11568"}],"curies":[{"name":"wp","href":"https:\/\/api.w.org\/{rel}","templated":true}]}}