{"id":9852,"date":"2021-05-12T10:52:37","date_gmt":"2021-05-12T10:52:37","guid":{"rendered":"https:\/\/empiremerch.com\/shop\/product\/teveszme-a-legszorakoztatobb-nyomor-ts\/"},"modified":"2023-08-17T16:16:45","modified_gmt":"2023-08-17T16:16:45","slug":"teveszme-a-legszorakoztatobb-nyomor-ts","status":"publish","type":"product","link":"https:\/\/empiremerch.com\/shop\/hu\/termek\/teveszme-a-legszorakoztatobb-nyomor-ts\/","title":{"rendered":"T\u00e9veszme &#8211; A Legsz\u00f3rakoztat\u00f3bb Nyomor T-Shirt"},"content":{"rendered":"","protected":false},"excerpt":{"rendered":"<p>T\u00e9veszme &#8211; A legsz\u00f3rakoztat\u00f3bb nyomor p\u00f3l\u00f3<br \/>\nFekete p\u00f3l\u00f3, egyoldalas modern, direct-to-garment technol\u00f3gi\u00e1val k\u00e9sz\u00fclt multicolor digit\u00e1lis nyomat, amely seg\u00edt meg\u0151rizni az eredeti artwork sz\u00edneinek gazdags\u00e1g\u00e1t<br \/>\nGildan Heavy\u00a0 p\u00f3l\u00f3ra nyomva<br \/>\n&#8212;<br \/>\nT\u00e9veszme &#8211; A legsz\u00f3rakoztat\u00f3bb nyomor T-Shirt<br \/>\nBlack shirt with one sided, modern direct-to-garment technology multicolor digital print, that helps preserve the original artwork&#8217;s richness in color<\/p>\n<p>Print on Gildan Heavy Tshirt<\/p>\n","protected":false},"featured_media":3718,"template":"","meta":[],"product_cat":[93],"product_tag":[],"_links":{"self":[{"href":"https:\/\/empiremerch.com\/shop\/hu\/wp-json\/wp\/v2\/product\/9852"}],"collection":[{"href":"https:\/\/empiremerch.com\/shop\/hu\/wp-json\/wp\/v2\/product"}],"about":[{"href":"https:\/\/empiremerch.com\/shop\/hu\/wp-json\/wp\/v2\/types\/product"}],"wp:featuredmedia":[{"embeddable":true,"href":"https:\/\/empiremerch.com\/shop\/hu\/wp-json\/wp\/v2\/media\/3718"}],"wp:attachment":[{"href":"https:\/\/empiremerch.com\/shop\/hu\/wp-json\/wp\/v2\/media?parent=9852"}],"wp:term":[{"taxonomy":"product_cat","embeddable":true,"href":"https:\/\/empiremerch.com\/shop\/hu\/wp-json\/wp\/v2\/product_cat?post=9852"},{"taxonomy":"product_tag","embeddable":true,"href":"https:\/\/empiremerch.com\/shop\/hu\/wp-json\/wp\/v2\/product_tag?post=9852"}],"curies":[{"name":"wp","href":"https:\/\/api.w.org\/{rel}","templated":true}]}}