{"id":9999,"date":"2023-01-02T13:14:14","date_gmt":"2023-01-02T13:14:14","guid":{"rendered":"https:\/\/empiremerch.com\/shop\/?post_type=product&#038;p=9999"},"modified":"2023-01-02T13:22:13","modified_gmt":"2023-01-02T13:22:13","slug":"tormentor-mexico-t-shirt","status":"publish","type":"product","link":"https:\/\/empiremerch.com\/shop\/hu\/termek\/tormentor-mexico-t-shirt\/","title":{"rendered":"Tormentor Mexico T-shirt"},"content":{"rendered":"","protected":false},"excerpt":{"rendered":"<p>GI5000 HEAVY COTTON\u2122 FELN\u0150TT P\u00d3L\u00d3<\/p>\n<p>100% Pamut,Klasszikus szab\u00e1s,Black<\/p>\n<p>GI5000 HEAVY COTTON\u2122 ADULT T-SHIRT<\/p>\n<p>100% Cotton, Classic cut,Fekete<\/p>\n","protected":false},"featured_media":10047,"template":"","meta":[],"product_cat":[79,93],"product_tag":[],"_links":{"self":[{"href":"https:\/\/empiremerch.com\/shop\/hu\/wp-json\/wp\/v2\/product\/9999"}],"collection":[{"href":"https:\/\/empiremerch.com\/shop\/hu\/wp-json\/wp\/v2\/product"}],"about":[{"href":"https:\/\/empiremerch.com\/shop\/hu\/wp-json\/wp\/v2\/types\/product"}],"wp:featuredmedia":[{"embeddable":true,"href":"https:\/\/empiremerch.com\/shop\/hu\/wp-json\/wp\/v2\/media\/10047"}],"wp:attachment":[{"href":"https:\/\/empiremerch.com\/shop\/hu\/wp-json\/wp\/v2\/media?parent=9999"}],"wp:term":[{"taxonomy":"product_cat","embeddable":true,"href":"https:\/\/empiremerch.com\/shop\/hu\/wp-json\/wp\/v2\/product_cat?post=9999"},{"taxonomy":"product_tag","embeddable":true,"href":"https:\/\/empiremerch.com\/shop\/hu\/wp-json\/wp\/v2\/product_tag?post=9999"}],"curies":[{"name":"wp","href":"https:\/\/api.w.org\/{rel}","templated":true}]}}