{"id":34,"date":"2020-09-15T20:18:59","date_gmt":"2020-09-15T20:18:59","guid":{"rendered":"https:\/\/empiremerch.com\/shop\/?page_id=34"},"modified":"2021-04-23T11:15:27","modified_gmt":"2021-04-23T11:15:27","slug":"about-us","status":"publish","type":"page","link":"https:\/\/empiremerch.com\/shop\/about-us\/","title":{"rendered":"About us"},"content":{"rendered":"<h3 style=\"text-align: center;\"><strong>ABOUT US<\/strong><\/h3>\n<h4 style=\"text-align: start;\">Empire Merch is merchandise production and webstore operator company based in Budapest, Hungary. We manufacture high quality merchandise primarily for musicians &amp; bands. Our background as former and current touring musicians and tour crew gives us a first-hand look into the music industry, we\u2019re aware of the latest trends, band needs. Be it tour merchandise, webstore stock, webstore sales, we\u2019re here for all of you, even if you can only afford to print a smaller run of goods \u2013 no client is too small for us.<\/h4>\n<h4 style=\"text-align: center;\"><span style=\"color: #333333;\">In case you\u2019d like your designs printed with us, <a href=\"https:\/\/empiremerch.com\/shop\/kontakt\/\"><strong>get in touch<\/strong><\/a> for your individual quote.<\/span><\/h4>\n<p>&nbsp;<\/p>\n<h3 style=\"text-align: center;\"><strong>R\u00d3LUNK<\/strong><\/h3>\n<h4 style=\"text-align: center;\">Az Empire Merch egy budapesti merchandise gy\u00e1rt\u00f3 \u00e9s webshop \u00fczemeltet\u0151 c\u00e9g.\u00a0Min\u0151s\u00e9gi merchandise-t gy\u00e1rtunk, els\u0151sorban zenei el\u0151ad\u00f3knak. C\u00e9g\u00fcnk munkat\u00e1rsai zen\u00e9szk\u00e9nt, majd turn\u00e9z\u00f3 h\u00e1tt\u00e9ripari munk\u00e1sokk\u00e9nt \u00e9vtizedek \u00f3ta j\u00e1rj\u00e1k a vil\u00e1got, \u00edgy abszol\u00fat k\u00e9pben vagyunk a zeneipari trendekkel \u00e9s az el\u0151ad\u00f3k sz\u00fcks\u00e9gleteivel. Legyen turn\u00e9-merch, webshop k\u00e9szlet, vagy online \u00e1rus\u00edt\u00e1s c\u00e9g\u00fcnk\u00f6n kereszt\u00fcl, mi itt vagyunk nektek, m\u00e9g akkor is, ha kisebb mennyis\u00e9gben tudtok csak gy\u00e1rtatni \u2013 nek\u00fcnk egyetlen \u00fcgyf\u00e9l sem t\u00fal kicsi.<\/h4>\n<h4 style=\"text-align: center;\">Amennyiben szeretn\u00e9d diz\u00e1jnod viszontl\u00e1tni textilre nyomva, <a href=\"https:\/\/empiremerch.com\/shop\/kontakt\/\" target=\"_blank\" rel=\"noopener noreferrer\"><strong>keress<\/strong><\/a> minket nyugodtan egyedi \u00e1raj\u00e1nlatunk\u00e9rt!<\/h4>\n<p>&nbsp;<\/p>\n<h3 style=\"text-align: center;\"><strong>REFERENCES<\/strong><\/h3>\n<h4 style=\"text-align: start;\"><b>Bands:<\/b>\u00a01349, Abbath, Afsky, Apollon &amp; Karisma Records, Baest, Cannabis Corpse, Cradle Of Filth, Crazy Town, Crippled Black Phoenix, Darkher, Draconian, Esoteric, Exciter, FAIM, Fotocrime, Fozzy, Gaahls Wyrd, Galaxisok, Gear, Gorgoroth, Green Carnation, Greenmachine, Harakiri For The Sky, Harmed, Hed(P.E.), Heilung, Horrendous, JIRM, Lazarvs, Mayhem, M.O.D., Modern Day Babylon, Mortiis, Mysticum, Nightfell, Nordjevel, Ossian, Phil Anselmo &amp; the Illegals, Pokolg\u00e9p, Rotting Christ, Satelles, Season of Mist Records, Sinsaenum, Sodom, SunnO))), Taake, Tankcsapda, The Devil\u2019s Trade, The Lurking Fear, Tormentor, Touch, Vad Fruttik, Vampilia, Victims, Vltimas, Vulture Industries, Watain, Wellhello<\/h4>\n<h4><b>Festivals:<\/b> Beyond The Gates, Fekete Zaj, Fishing On Orf\u0171, Rockmaraton, Stockholm Slaughter, Waves of Darkness<\/h4>\n<h3><\/h3>\n<h3 style=\"text-align: center;\"><a href=\"https:\/\/empiremerch.com\/shop\/kontakt\/\" target=\"_blank\" rel=\"noopener noreferrer\"><img decoding=\"async\" loading=\"lazy\" class=\"alignnone wp-image-71 aligncenter\" src=\"https:\/\/empiremerch.com\/shop\/wp-content\/uploads\/2020\/09\/logo_new-1024x362_black.png\" alt=\"\" width=\"229\" height=\"81\" srcset=\"https:\/\/empiremerch.com\/shop\/wp-content\/uploads\/2020\/09\/logo_new-1024x362_black.png 1024w, https:\/\/empiremerch.com\/shop\/wp-content\/uploads\/2020\/09\/logo_new-1024x362_black-300x106.png 300w, https:\/\/empiremerch.com\/shop\/wp-content\/uploads\/2020\/09\/logo_new-1024x362_black-768x272.png 768w, https:\/\/empiremerch.com\/shop\/wp-content\/uploads\/2020\/09\/logo_new-1024x362_black-555x196.png 555w\" sizes=\"(max-width: 229px) 100vw, 229px\" \/><\/a><\/h3>\n","protected":false},"excerpt":{"rendered":"<p>ABOUT US Empire Merch is merchandise production and webstore operator company based in Budapest, Hungary. We manufacture high quality merchandise primarily for musicians &amp; bands. Our background as former and current touring musicians and tour crew gives us a first-hand look into the music industry, we\u2019re aware of the latest trends, band needs. Be it [&hellip;]<\/p>\n","protected":false},"author":2,"featured_media":0,"parent":0,"menu_order":0,"comment_status":"closed","ping_status":"closed","template":"template-fullwidth-no-title.php","meta":[],"_links":{"self":[{"href":"https:\/\/empiremerch.com\/shop\/wp-json\/wp\/v2\/pages\/34"}],"collection":[{"href":"https:\/\/empiremerch.com\/shop\/wp-json\/wp\/v2\/pages"}],"about":[{"href":"https:\/\/empiremerch.com\/shop\/wp-json\/wp\/v2\/types\/page"}],"author":[{"embeddable":true,"href":"https:\/\/empiremerch.com\/shop\/wp-json\/wp\/v2\/users\/2"}],"replies":[{"embeddable":true,"href":"https:\/\/empiremerch.com\/shop\/wp-json\/wp\/v2\/comments?post=34"}],"version-history":[{"count":23,"href":"https:\/\/empiremerch.com\/shop\/wp-json\/wp\/v2\/pages\/34\/revisions"}],"predecessor-version":[{"id":343,"href":"https:\/\/empiremerch.com\/shop\/wp-json\/wp\/v2\/pages\/34\/revisions\/343"}],"wp:attachment":[{"href":"https:\/\/empiremerch.com\/shop\/wp-json\/wp\/v2\/media?parent=34"}],"curies":[{"name":"wp","href":"https:\/\/api.w.org\/{rel}","templated":true}]}}