{"id":6430,"date":"2022-01-10T15:14:20","date_gmt":"2022-01-10T15:14:20","guid":{"rendered":"https:\/\/empiremerch.com\/shop\/?page_id=6430"},"modified":"2022-01-10T15:29:46","modified_gmt":"2022-01-10T15:29:46","slug":"szechenyi-2020","status":"publish","type":"page","link":"https:\/\/empiremerch.com\/shop\/szechenyi-2020\/","title":{"rendered":"Szechenyi 2020"},"content":{"rendered":"<h4><strong>A projekt c\u00edme:\u00a0<\/strong><em>Az UNI-ROCKTEAM Kft. modern \u00fczleti \u00e9s termel\u00e9si kih\u00edv\u00e1sokhoz val\u00f3 alkalmazkod\u00e1s\u00e1t seg\u00edt\u0151 fejleszt\u00e9seinek megval\u00f3s\u00edt\u00e1sa az Empiremerch m\u0171helyben<\/em><\/h4>\n<table style=\"font-weight: 400;\" width=\"100%\">\n<tbody>\n<tr>\n<td>\n<h4><strong>A projekt azonos\u00edt\u00f3sz\u00e1ma:<\/strong><\/h4>\n<\/td>\n<td>VEKOP-1.2.7-20-2021-00058<\/td>\n<\/tr>\n<tr>\n<td>\n<h4><strong>A szerz\u0151d\u00f6tt t\u00e1mogat\u00e1s \u00f6sszege:<\/strong><\/h4>\n<\/td>\n<td>35 36 939 Ft<\/td>\n<\/tr>\n<tr>\n<td>\n<h4><strong>A t\u00e1mogat\u00e1s m\u00e9rt\u00e9ke:<\/strong><\/h4>\n<\/td>\n<td>70%<\/td>\n<\/tr>\n<tr>\n<td>\n<h4><strong>A projekt befejez\u00e9si d\u00e1tuma:<\/strong><\/h4>\n<\/td>\n<td>2022.04.30.<\/td>\n<\/tr>\n<tr>\n<td colspan=\"2\">\n<h4><strong>A projekt tartalm\u00e1nak bemutat\u00e1sa:<\/strong><\/h4>\n<p><em>A tervezett, 2020-as fejleszt\u00e9s\u0171 \u00e9s gy\u00e1rt\u00e1s\u00fa EPSON Surecolor SC F3000 digit\u00e1lis nyomtat\u00e1si technol\u00f3gia bevezet\u00e9s\u00e9vel lehet\u0151s\u00e9g ny\u00edlik professzion\u00e1lis sz\u00ednes nyomatok elk\u00e9sz\u00edt\u00e9s\u00e9re k\u00fcl\u00f6nb\u00f6z\u0151 ruh\u00e1zati diz\u00e1jn\u00a0 \u00a0 \u00a0term\u00e9kekre, a jelenlegi hagyom\u00e1nyos szitanyom\u00e1s hat\u00e1rait jelent\u0151sen t\u00fall\u00e9pve, kis sz\u00e9ri\u00e1ban szinte t\u00f6k\u00e9letes sz\u00ednpontoss\u00e1ggal. A SCHULZE Pretreatmaker IV nyomat el\u0151kezel\u0151 g\u00e9ppel innovative, id\u0151 \u00e9s alapanyag takar\u00e9kos el\u0151k\u00e9sz\u00edt\u00e9s v\u00e1lik\u00a0 \u00a0lehet\u0151v\u00e9. \u00d6sszefoglalva, a felhaszn\u00e1lt fest\u00e9k eddigi nyomat \u00e1ra 1500 Ft, plusz 3 \u00f3ra nyomdai el\u0151k\u00e9sz\u00edt\u00e9s, k\u00e9t f\u0151 szem\u00e9lyi r\u00e1ford\u00edt\u00e1st igenyelt. Ezzel szemben az \u00faj gy\u00e1rt\u00f3sorral 20 perc a grafikai munka, 10 perc el\u0151k\u00e9sz\u00edt\u00e9s, 10 perc a nyom\u00e1s,\u00a0 \u00a0r\u00e1ad\u00e1sul a fest\u00e9kk\u00f6lts\u00e9g 70 sz\u00e1zal\u00e9kkal cs\u00f6kkenthet\u0151. A r\u00e9gi technol\u00f3gi\u00e1val szemben, ahol a gy\u00e1rt\u00e1s 90%-ban manu\u00e1lis folyamatokb\u00f3l \u00e1llt, \u00e9s v\u00e9gterm\u00e9k felbont\u00e1sa 300 DPI maximumban volt meghat\u00e1rozva, az \u00faj rendszer nagym\u00e9rt\u00e9kben\u00a0 \u00a0automatiz\u00e1lt lesz, \u00e9s 1200DPI felbont\u00e1s \u00e9rhet\u0151 el. A DRUCKTECH SSH-1 NA t\u00edpus\u00fa sapka h\u0151 pr\u00e9ssel, a megl\u00e9v\u0151 elavult technol\u00f3gi\u00e1t cser\u00e9ln\u00e9nk le, melynek hat\u00e9konys\u00e1ga \u00e9s megb\u00edzhat\u00f3s\u00e1ga m\u00e1r nem kiel\u00e9g\u00edt\u0151. A fenti \u00faj digit\u00e1lis g\u00e9pekhez\u00a0 \u00a0elengedhetetlen a hozz\u00e1juk tartoz\u00f3 PHP45-V2 OPTIMA t\u00edpus\u00fa h\u0151 pr\u00e9s \u00e9s DELL 3879A \u00e9s a DELL 48114A t\u00edpus\u00fa h\u0151 alagutak beszerz\u00e9se, mellyel automatiz\u00e1lt fut\u00f3szalag rendszer\u0171 h\u0151kezel\u00e9st vezet\u00fcnk be, ami az eddigi folyamatokat jelent\u0151sen\u00a0 \u00a0meggyors\u00edtan\u00e1, illetve \u00faj szintre emeln\u00e9 a textilnyomtat\u00e1s, mint\u00e1s p\u00f3l\u00f3k \u00e9s egy\u00e9b ruh\u00e1zat min\u0151s\u00e9g\u00e9t, illetve beker\u00fcl\u00e9si k\u00f6lts\u00e9g\u00e9t is. A fenti technol\u00f3giai elemek zavartalan m\u0171k\u00f6d\u00e9se \u00e9s a megfelel\u0151 munkak\u00f6rnyezet megteremt\u00e9s\u00e9hez\u00a0 \u00a0elengedhetetlen a m\u0171hely szell\u0151ztet\u00e9s \u00e9s l\u00e9gtechnikai korszer\u0171s\u00edt\u00e9se is, melyet egyedi tervez\u00e9s alapj\u00e1n a helys\u00e1gek adotts\u00e1gaira optimaliz\u00e1lunk. A fot\u00f3 realisztikus min\u0151s\u00e9g el\u00e9r\u00e9shez, \u00e9s vizu\u00e1lis megjelen\u00edt\u00e9s\u00e9hez elengedhetetlen a fenti\u00a0 \u00a0 \u00a0technol\u00f3gi\u00e1hoz illeszked\u0151 IT fejleszt\u00e9s megval\u00f3s\u00edt\u00e1sa. A tervezett MAC rendszer\u0171 korszer\u0171 hardverekkel egys\u00e9gesebb\u00e9, perc\u00edzebb\u00e9 \u00e9s gyorsabb\u00e1 v\u00e1lik a mukav\u00e9gz\u00e9s. A munkak\u00f6r\u00fclm\u00e9nyek jav\u00edt\u00e1s\u00e1val (szell\u0151ztet\u0151 rendszer) javul a munkav\u00e9gz\u00e9s\u00a0 \u00a0hat\u00e1sfoka. Bio p\u00f3l\u00f3, kender alap\u00fa p\u00f3l\u00f3 alapanyag haszn\u00e1lat\u00e1val, b\u0151v\u00fcl a term\u00e9k szortiment, premium k\u00f6rnyezettudatos fogyaszt\u00f3k kiszolg\u00e1l\u00e1sa a c\u00e9l. A marketing \u00e9s rekl\u00e1mkommunik\u00e1ci\u00f3 fejleszt\u00e9s\u00e9vel javul a c\u00e9g hazai is k\u00fclf\u00f6ldi n\u00e9pszer\u0171s\u00e9ge.\u00a0 \u00a0Konkr\u00e9t el\u0151ny\u00f6k: A felhaszn\u00e1lt fest\u00e9kek, vegyszerek mennyis\u00e9ge 70%-kal cs\u00f6kkenthet\u0151, az eszk\u00f6z\u00f6k tiszt\u00edt\u00e1s\u00e1b\u00f3l sz\u00e1rmaz\u00f3 v\u00edzfelhaszn\u00e1l\u00e1s a null\u00e1ra reduk\u00e1lhat\u00f3. Az EPSON c\u00e9g min\u0151s\u00e9gi fest\u00e9kei teljesen k\u00f6rnyezetbar\u00e1t besorol\u00e1s\u00faak, az \u00e9l\u0151\u00a0 \u00a0szervezetekre, az eg\u00e9szs\u00e9gre \u00e9s a v\u00edztestekre \u00e1rtalmatlanok. A jobb min\u0151s\u00e9g\u0171, fot\u00f3realisztikusabb term\u00e9kekkel, a k\u00fclf\u00f6ldi megrendel\u0151k sz\u00e1ma n\u00f6vekszik, \u00edgy a nemzetk\u00f6zi \u00e9lvonalba ker\u00fcl\u00e9s el\u00e9rhet\u0151v\u00e9 v\u00e1lik. A beruh\u00e1z\u00e1s megval\u00f3s\u00edt\u00e1s\u00e1val ak\u00e1r\u00a0 \u00a0\u00f3r\u00e1nk\u00e9nt 30-40db\/\u00f3ra A3-as m\u00e9ret\u0171 sz\u00ednes nyomat k\u00e9sz\u00edthet\u0151, ami az eddig haszn\u00e1lt technol\u00f3gi\u00e1hoz k\u00e9pest t\u00f6bb mint 10x gyorsabb \u00e9s termel\u00e9kenyebb. A digit\u00e1lis elj\u00e1r\u00e1s el\u0151nye, hogy megsp\u00f3rolhat\u00f3 a sablonok (szit\u00e1k) elk\u00e9sz\u00edt\u00e9s\u00e9nek ideje, ami\u00a0 \u00a012-15 \u00faj term\u00e9kfajta gy\u00e1rt\u00e1s\u00e1ra n\u00f6veli a napi kapacit\u00e1st. A fejleszt\u00e9snek k\u00f6sz\u00f6nhet\u0151en a v\u00e1rakoz\u00e1si \u00e9s az \u00e1ll\u00e1sid\u0151 50%-kal cs\u00f6kken, munkaer\u0151 25%-kal jobban hasznosul, \u00edgy a k\u00e9zi munkaer\u0151 r\u00e1ford\u00edt\u00e1s tervezhet\u0151bb. A digit\u00e1lis \u00e9s automata\u00a0 \u00a0 \u00a0p\u00f3l\u00f3nyom\u00e1si technol\u00f3gia r\u00e1ad\u00e1sul nagym\u00e9rt\u00e9kben energia \u00e9s fest\u00e9ktakar\u00e9kos. Az \u00e9rt\u00e9ket a p\u00e9nz\u00e9rt\u201d elv \u00e9rv\u00e9nyes\u00edt\u00e9s\u00e9n kereszt\u00fcl a 6 darab \u00faj korszer\u0171 energia \u00e9s nyersanyag takar\u00e9kos eszk\u00f6zzel n\u00f6velhet\u0151 a produktivit\u00e1s, tov\u00e1bb\u00e1 cs\u00f6kken\u0151\u00a0 \u00a0el\u0151\u00e1ll\u00edt\u00e1si \u00e9s szerviz k\u00f6lts\u00e9gek prognosztiz\u00e1lhat\u00f3k. Az \u00e9rt\u00e9kes\u00edt\u00e9s a kisebb sz\u00e9ri\u00e1k gyorsabb megval\u00f3s\u00edthat\u00f3s\u00e1g\u00e1val legal\u00e1bb 15%-kal n\u0151. A fenti el\u0151ny\u00f6k miatt legal\u00e1bb 20 %-kal nagyobb haszon realiz\u00e1lhat\u00f3 a megval\u00f3s\u00edt\u00e1st k\u00f6vet\u0151 \u00e9vben a b\u00e1zis\u00a0 \u00a0\u00e9vhez k\u00e9pest. A m\u00e1sodik \u00e9v v\u00e9g\u00e9re a haszon a fent r\u00e9szletezett gazdas\u00e1gos el\u0151\u00e1ll\u00edt\u00e1s \u00e9s \u00e9rt\u00e9kes\u00edt\u00e9sb\u0151l sz\u00e1rmaz\u00f3 n\u00f6veked\u00e9s miatt 40 %-kal n\u00f6velhet\u0151.<\/em><\/td>\n<\/tr>\n<tr>\n<td colspan=\"2\"><\/td>\n<\/tr>\n<tr>\n<td>\n<h4><strong>Projekt megval\u00f3sul\u00e1s\u00e1nak helysz\u00edne:<\/strong><\/h4>\n<\/td>\n<td style=\"text-align: right;\">1036 Budapest,F\u00e9nyes Adolf utca 28<\/td>\n<\/tr>\n<\/tbody>\n<\/table>\n<p><img decoding=\"async\" loading=\"lazy\" class=\"alignright wp-image-6422 size-full\" src=\"https:\/\/empiremerch.com\/shop\/wp-content\/uploads\/2022\/01\/szechenyi-2020-logo.jpg\" alt=\"\" width=\"800\" height=\"553\" srcset=\"https:\/\/empiremerch.com\/shop\/wp-content\/uploads\/2022\/01\/szechenyi-2020-logo.jpg 800w, https:\/\/empiremerch.com\/shop\/wp-content\/uploads\/2022\/01\/szechenyi-2020-logo-300x207.jpg 300w, https:\/\/empiremerch.com\/shop\/wp-content\/uploads\/2022\/01\/szechenyi-2020-logo-768x531.jpg 768w, https:\/\/empiremerch.com\/shop\/wp-content\/uploads\/2022\/01\/szechenyi-2020-logo-555x384.jpg 555w\" sizes=\"(max-width: 800px) 100vw, 800px\" \/><\/p>\n","protected":false},"excerpt":{"rendered":"<p>A projekt c\u00edme:\u00a0Az UNI-ROCKTEAM Kft. modern \u00fczleti \u00e9s termel\u00e9si kih\u00edv\u00e1sokhoz val\u00f3 alkalmazkod\u00e1s\u00e1t seg\u00edt\u0151 fejleszt\u00e9seinek megval\u00f3s\u00edt\u00e1sa az Empiremerch m\u0171helyben A projekt azonos\u00edt\u00f3sz\u00e1ma: VEKOP-1.2.7-20-2021-00058 A szerz\u0151d\u00f6tt t\u00e1mogat\u00e1s \u00f6sszege: 35 36 939 Ft A t\u00e1mogat\u00e1s m\u00e9rt\u00e9ke: 70% A projekt befejez\u00e9si d\u00e1tuma: 2022.04.30. A projekt tartalm\u00e1nak bemutat\u00e1sa: A tervezett, 2020-as fejleszt\u00e9s\u0171 \u00e9s gy\u00e1rt\u00e1s\u00fa EPSON Surecolor SC F3000 digit\u00e1lis nyomtat\u00e1si [&hellip;]<\/p>\n","protected":false},"author":3,"featured_media":0,"parent":0,"menu_order":0,"comment_status":"closed","ping_status":"closed","template":"template-fullwidth-no-title.php","meta":[],"_links":{"self":[{"href":"https:\/\/empiremerch.com\/shop\/wp-json\/wp\/v2\/pages\/6430"}],"collection":[{"href":"https:\/\/empiremerch.com\/shop\/wp-json\/wp\/v2\/pages"}],"about":[{"href":"https:\/\/empiremerch.com\/shop\/wp-json\/wp\/v2\/types\/page"}],"author":[{"embeddable":true,"href":"https:\/\/empiremerch.com\/shop\/wp-json\/wp\/v2\/users\/3"}],"replies":[{"embeddable":true,"href":"https:\/\/empiremerch.com\/shop\/wp-json\/wp\/v2\/comments?post=6430"}],"version-history":[{"count":1,"href":"https:\/\/empiremerch.com\/shop\/wp-json\/wp\/v2\/pages\/6430\/revisions"}],"predecessor-version":[{"id":6431,"href":"https:\/\/empiremerch.com\/shop\/wp-json\/wp\/v2\/pages\/6430\/revisions\/6431"}],"wp:attachment":[{"href":"https:\/\/empiremerch.com\/shop\/wp-json\/wp\/v2\/media?parent=6430"}],"curies":[{"name":"wp","href":"https:\/\/api.w.org\/{rel}","templated":true}]}}