{"id":11553,"date":"2023-01-05T14:37:22","date_gmt":"2023-01-05T14:37:22","guid":{"rendered":"https:\/\/empiremerch.com\/shop\/?post_type=product&#038;p=11553"},"modified":"2023-05-03T08:10:05","modified_gmt":"2023-05-03T08:10:05","slug":"platon-karataev-x-vates-fekete-ffi-polo","status":"publish","type":"product","link":"https:\/\/empiremerch.com\/shop\/product\/platon-karataev-x-vates-fekete-ffi-polo\/","title":{"rendered":"Platon Karataev x Vates &#8211; Fekete ffi p\u00f3l\u00f3"},"content":{"rendered":"<p>Platon Karatev x Vates &#8211; Fekete f\u00e9rfi p\u00f3l\u00f3<\/p>\n","protected":false},"excerpt":{"rendered":"<p>Platon Karatev x Vates &#8211; Fekete f\u00e9rfi p\u00f3l\u00f3<\/p>\n","protected":false},"featured_media":11585,"template":"","meta":[],"product_cat":[120],"product_tag":[],"_links":{"self":[{"href":"https:\/\/empiremerch.com\/shop\/wp-json\/wp\/v2\/product\/11553"}],"collection":[{"href":"https:\/\/empiremerch.com\/shop\/wp-json\/wp\/v2\/product"}],"about":[{"href":"https:\/\/empiremerch.com\/shop\/wp-json\/wp\/v2\/types\/product"}],"wp:featuredmedia":[{"embeddable":true,"href":"https:\/\/empiremerch.com\/shop\/wp-json\/wp\/v2\/media\/11585"}],"wp:attachment":[{"href":"https:\/\/empiremerch.com\/shop\/wp-json\/wp\/v2\/media?parent=11553"}],"wp:term":[{"taxonomy":"product_cat","embeddable":true,"href":"https:\/\/empiremerch.com\/shop\/wp-json\/wp\/v2\/product_cat?post=11553"},{"taxonomy":"product_tag","embeddable":true,"href":"https:\/\/empiremerch.com\/shop\/wp-json\/wp\/v2\/product_tag?post=11553"}],"curies":[{"name":"wp","href":"https:\/\/api.w.org\/{rel}","templated":true}]}}