{"id":3146,"date":"2021-04-29T19:15:17","date_gmt":"2021-04-29T19:15:17","guid":{"rendered":"https:\/\/empiremerch.com\/shop\/?post_type=product&#038;p=3146"},"modified":"2023-03-30T06:32:11","modified_gmt":"2023-03-30T06:32:11","slug":"bridge-to-solace-of-bitterness-and-hope-lp-18th-anniversary-edition","status":"publish","type":"product","link":"https:\/\/empiremerch.com\/shop\/product\/bridge-to-solace-of-bitterness-and-hope-lp-18th-anniversary-edition\/","title":{"rendered":"Bridge To Solace &#8211; Of Bitterness And Hope LP &#8211; 18th Anniversary Edition"},"content":{"rendered":"","protected":false},"excerpt":{"rendered":"<p><strong>This is a pre-order! Release date: September 17th, 2021 &#8211; Friday! Please note due to increasing demand in pressing plants and possible restrictions related to the Covid-19 pandemic, delays might occur!<\/strong><br \/>\n&#8212;<br \/>\n<strong>Ez egy el\u0151rendel\u00e9s! Megjelen\u00e9s: 2021. szeptember 17. &#8211; p\u00e9ntek! K\u00e9rlek vegy\u00e9tek figyelembe, hogy a lemezgy\u00e1rak vil\u00e1gszerte tel\u00edtettek, illetve a Covid-19 vil\u00e1gj\u00e1rv\u00e1nnyal kapcsolatos esetleges korl\u00e1toz\u00e1sok k\u00f6vetkezt\u00e9ben el\u0151fordulhat cs\u00fasz\u00e1s!<\/strong><\/p>\n<p>Solace Music is proud to bring you the first LP of now defunct, legendary Hungarian metalcore band <strong>BRIDGE TO SOLACE<\/strong>. Released 18 years ago on CD via Germany&#8217;s Let It Burn Records, <strong>&#8216;OF BITTERNESS AND HOPE&#8217;<\/strong> now finds its rightful place on your turntables for the first time ever! Remastered to vinyl by G\u00e1bor T\u00f3th at Ghosthip Recordings. We&#8217;ve aimed to preserve the original artwork in its entirety, re-done to vinyl by original artist, Zoli Totik of Digits Destroy Design.<br \/>\n&#8212;<br \/>\nA Solace Music b\u00fcszk\u00e9n hozza el az imm\u00e1r inakt\u00edv, legend\u00e1s budapesti metalcore zenekar, a <strong>BRIDGE TO SOLACE<\/strong> els\u0151 lemez\u00e9t. Az eredetileg CD-n, a n\u00e9met Let It Burn Records kiad\u00e1s\u00e1ban 18 \u00e9ve megjelent <strong>&#8216;OF BITTERNESS AND HOPE&#8217;<\/strong> v\u00e9gre meg\u00e9rkezik bakelitre! A dalokat T\u00f3th G\u00e1bor (Ghostship Recordings) maszterelte \u00fajra. C\u00e9lunk volt, hogy meg\u0151rizz\u00fck az eredeti bor\u00edt\u00f3t teljes eg\u00e9sz\u00e9ben, amely ez\u00fattal is az eredeti m\u0171v\u00e9sz, Totik Zoli (Digits Destroy Design) keze munk\u00e1ja.<\/p>\n<p><strong>PRESSING INFO:<\/strong><br \/>\n110 mustard\/black merge vinyl<br \/>\n210 black vinyl<br \/>\n10 mustard\/black merge vinyl and 10 black vinyl, family &amp; friends edition never to be sold publicly.<br \/>\n&#8212;<br \/>\n<strong>GY\u00c1RT\u00c1S INFO:<\/strong><br \/>\n110 db must\u00e1rs\u00e1rga\/fekete kevert lemez<br \/>\n210 db fekete lemez<br \/>\n10 db must\u00e1rs\u00e1rga\/fekete kevert lemez, valamint 10 db fekete lemez, amelyek egy &#8216;Csal\u00e1d \u00e9s Bar\u00e1tok&#8217; v\u00e1ltozat, nem ker\u00fcl nyilv\u00e1nos \u00e9rt\u00e9kes\u00edt\u00e9sre.<\/p>\n<p><strong>Vinyl color pictures are mock-ups only! Final product may differ! \/ A lemezek sz\u00edn\u00e9r\u0151l k\u00e9sz\u00fclt k\u00e9p el\u0151n\u00e9zet! A v\u00e9gleges term\u00e9k elt\u00e9r\u0151 lehet!<\/strong><\/p>\n<p>Comes in a premium quality thick cardboard sleeve, with a 12 page booklet. \/ A lemez egy pr\u00e9mium min\u0151s\u00e9g\u0171, vastag vasalt kartonban \u00e9rkezik, 12 oldalas sz\u00f6vegk\u00f6nyvvel.<\/p>\n<p><strong>TRACKLIST:<\/strong><br \/>\n01. These Maps Are Written With Blood<br \/>\n02. How Long Do We Have To Bear Our Fucking Crosses?<br \/>\n03. Will You Rewrite History With Me?<br \/>\n04. Deathrace With Dimension 4<br \/>\n05. Rethink. Redefine. Revolt.<br \/>\n06. Behind Your Words Of Righteousness<br \/>\n07. Paper Bags And Plastic Cups<br \/>\n08. In The Shadow Of Death<br \/>\n09. &#8211;<\/p>\n","protected":false},"featured_media":3208,"template":"","meta":[],"product_cat":[120],"product_tag":[],"_links":{"self":[{"href":"https:\/\/empiremerch.com\/shop\/wp-json\/wp\/v2\/product\/3146"}],"collection":[{"href":"https:\/\/empiremerch.com\/shop\/wp-json\/wp\/v2\/product"}],"about":[{"href":"https:\/\/empiremerch.com\/shop\/wp-json\/wp\/v2\/types\/product"}],"wp:featuredmedia":[{"embeddable":true,"href":"https:\/\/empiremerch.com\/shop\/wp-json\/wp\/v2\/media\/3208"}],"wp:attachment":[{"href":"https:\/\/empiremerch.com\/shop\/wp-json\/wp\/v2\/media?parent=3146"}],"wp:term":[{"taxonomy":"product_cat","embeddable":true,"href":"https:\/\/empiremerch.com\/shop\/wp-json\/wp\/v2\/product_cat?post=3146"},{"taxonomy":"product_tag","embeddable":true,"href":"https:\/\/empiremerch.com\/shop\/wp-json\/wp\/v2\/product_tag?post=3146"}],"curies":[{"name":"wp","href":"https:\/\/api.w.org\/{rel}","templated":true}]}}