{"id":5008,"date":"2021-09-06T08:51:43","date_gmt":"2021-09-06T08:51:43","guid":{"rendered":"https:\/\/empiremerch.com\/shop\/?post_type=product&#038;p=5008"},"modified":"2021-09-07T15:55:54","modified_gmt":"2021-09-07T15:55:54","slug":"bali-david-kisterem-bundle","status":"publish","type":"product","link":"https:\/\/empiremerch.com\/shop\/product\/bali-david-kisterem-bundle\/","title":{"rendered":"Bali D\u00e1vid &#8211; Kisterem Bundle"},"content":{"rendered":"","protected":false},"excerpt":{"rendered":"<p><strong>Ez egy el\u0151rendel\u00e9s! Megjelen\u00e9s 2021. okt\u00f3ber 22.<\/strong><\/p>\n<p>A csomag tartalma: 1 db k\u00f6nyv \u00e9s 1 db p\u00f3l\u00f3, az \u00e1ltalad v\u00e1lasztott m\u00e9retben!<\/p>\n<p>Bali D\u00e1vid: Kisterem<br \/>\nK\u00f6nyv<br \/>\n128 oldal<br \/>\nKiad\u00f3: Uni-Rockteam Kft. \/ Empire Merch<br \/>\nISBN 978-615-01-2054-6<\/p>\n<p>A kem\u00e9nyzenei underground fennmarad\u00e1s\u00e1nak k\u00e9t alapszab\u00e1lya van: hogy mindig valamivel szemben hat\u00e1rozza meg mag\u00e1t, \u00e9s hogy mindig \u00f6nm\u0171k\u00f6d\u0151nek, \u00f6nfenntart\u00f3nak kell maradnia. A Kisterem, Bali D\u00e1vid els\u0151 k\u00f6nyve azt az id\u0151szakot \u00f6leli fel, amikor az internet maga al\u00e1 gy\u0171rte a lemezelad\u00e1sokat, \u00e9s a f\u00e1jlcser\u00e9l\u0151knek k\u00f6sz\u00f6nhet\u0151en \u00faj, online sz\u00ednt\u00e9rrel gazdagodhatott a rendszerv\u00e1lt\u00e1s ut\u00f3hat\u00e1saira leg\u00e9rz\u00e9kenyebb szubkult\u00fara.<\/p>\n<p>Gener\u00e1ci\u00f3v\u00e1lt\u00e1s, modellk\u00f6vet\u00e9sek \u00e9s a kiny\u00edl\u00f3 vil\u00e1g \u2013 ez a Kisterem, 100 magyar zenekar 100 lemez\u00e9vel 2000 \u00e9s 2019 k\u00f6z\u00f6tt.<\/p>\n<p>Bali D\u00e1vid \u2013 Kisterem p\u00f3l\u00f3<br \/>\nBC 190 bord\u00f3 p\u00f3l\u00f3, egyoldalas nyomat<\/p>\n","protected":false},"featured_media":4944,"template":"","meta":[],"product_cat":[151,135],"product_tag":[],"_links":{"self":[{"href":"https:\/\/empiremerch.com\/shop\/wp-json\/wp\/v2\/product\/5008"}],"collection":[{"href":"https:\/\/empiremerch.com\/shop\/wp-json\/wp\/v2\/product"}],"about":[{"href":"https:\/\/empiremerch.com\/shop\/wp-json\/wp\/v2\/types\/product"}],"wp:featuredmedia":[{"embeddable":true,"href":"https:\/\/empiremerch.com\/shop\/wp-json\/wp\/v2\/media\/4944"}],"wp:attachment":[{"href":"https:\/\/empiremerch.com\/shop\/wp-json\/wp\/v2\/media?parent=5008"}],"wp:term":[{"taxonomy":"product_cat","embeddable":true,"href":"https:\/\/empiremerch.com\/shop\/wp-json\/wp\/v2\/product_cat?post=5008"},{"taxonomy":"product_tag","embeddable":true,"href":"https:\/\/empiremerch.com\/shop\/wp-json\/wp\/v2\/product_tag?post=5008"}],"curies":[{"name":"wp","href":"https:\/\/api.w.org\/{rel}","templated":true}]}}