{"id":5312,"date":"2021-09-17T12:04:52","date_gmt":"2021-09-17T12:04:52","guid":{"rendered":"https:\/\/empiremerch.com\/shop\/?post_type=product&#038;p=5312"},"modified":"2023-01-03T17:12:23","modified_gmt":"2023-01-03T17:12:23","slug":"teveszme-a-legszorakoztatobb-nyomor-10","status":"publish","type":"product","link":"https:\/\/empiremerch.com\/shop\/product\/teveszme-a-legszorakoztatobb-nyomor-10\/","title":{"rendered":"T\u00e9veszme &#8211; A legsz\u00f3rakoztat\u00f3bb nyomor 10&#8243;"},"content":{"rendered":"","protected":false},"excerpt":{"rendered":"<p>&nbsp;<\/p>\n<p>GY\u00c1RT\u00c1S INFO:<br \/>\n100 db narancss\u00e1rga\/k\u00e9k fele-fele lemez (ebben a boltban mind\u00f6ssze 75 db kaphat\u00f3)<br \/>\n150 db fekete lemez (ebben a boltban mind\u00f6ssze 110 db kaphat\u00f3)<br \/>\n&#8212;<br \/>\nPRESSING INFO:<br \/>\n100 orange\/blue half and half color vinyl (75 copies available in this store)<br \/>\n150 black vinyl (110 copies available in this store)<\/p>\n<p>A lemezek sz\u00edn\u00e9r\u0151l k\u00e9sz\u00fclt k\u00e9p el\u0151n\u00e9zet! A v\u00e9gleges term\u00e9k elt\u00e9r\u0151 lehet! \/ Vinyl color pictures are mock-ups only! Final product may differ!<\/p>\n<p>A lemez hagyom\u00e1nyos bor\u00edt\u00f3val, \u00e9s egy 12 oldalas booklettel \u00e9rkezik. \/ Comes in a traditional vinyl jacket plus 12-page booklet!<\/p>\n<p>TRACKLIST:<br \/>\nA1 Tet\u0151sziget<br \/>\nA2 Az aranys\u00f3v\u00e1r leck\u00e9je<br \/>\nA3 Egy garabonci\u00e1s visszat\u00f6r\u00f6lt chat-panaszai<br \/>\nB1 H\u00e1rom lap\u00e1t a v\u00e9n sz\u00e9lmalmon<br \/>\nB2 Csillag\u00f6sv\u00e9nyedre<\/p>\n","protected":false},"featured_media":5315,"template":"","meta":[],"product_cat":[120],"product_tag":[],"_links":{"self":[{"href":"https:\/\/empiremerch.com\/shop\/wp-json\/wp\/v2\/product\/5312"}],"collection":[{"href":"https:\/\/empiremerch.com\/shop\/wp-json\/wp\/v2\/product"}],"about":[{"href":"https:\/\/empiremerch.com\/shop\/wp-json\/wp\/v2\/types\/product"}],"wp:featuredmedia":[{"embeddable":true,"href":"https:\/\/empiremerch.com\/shop\/wp-json\/wp\/v2\/media\/5315"}],"wp:attachment":[{"href":"https:\/\/empiremerch.com\/shop\/wp-json\/wp\/v2\/media?parent=5312"}],"wp:term":[{"taxonomy":"product_cat","embeddable":true,"href":"https:\/\/empiremerch.com\/shop\/wp-json\/wp\/v2\/product_cat?post=5312"},{"taxonomy":"product_tag","embeddable":true,"href":"https:\/\/empiremerch.com\/shop\/wp-json\/wp\/v2\/product_tag?post=5312"}],"curies":[{"name":"wp","href":"https:\/\/api.w.org\/{rel}","templated":true}]}}