{"id":6213,"date":"2021-12-14T17:01:08","date_gmt":"2021-12-14T17:01:08","guid":{"rendered":"https:\/\/empiremerch.com\/shop\/?post_type=product&#038;p=6213"},"modified":"2023-01-03T12:20:21","modified_gmt":"2023-01-03T12:20:21","slug":"rockmaraton-2020-xmass-sweatshirt","status":"publish","type":"product","link":"https:\/\/empiremerch.com\/shop\/product\/rockmaraton-2020-xmass-sweatshirt\/","title":{"rendered":"Rockmaraton 2020 XMASS Sweatshirt"},"content":{"rendered":"<div class=\"col-lg-12\">\n<table class=\"table table-bordered table-hover\" width=\"100%\">\n<tbody>\n<tr>\n<th><\/th>\n<th class=\"a-center\">S<\/th>\n<th class=\"a-center\">M<\/th>\n<th class=\"a-center\">L<\/th>\n<th class=\"a-center\">XL<\/th>\n<th class=\"a-center\">2XL<\/th>\n<th class=\"a-center\">3XL<\/th>\n<th class=\"a-center\">4XL<\/th>\n<th class=\"a-center\">5XL<\/th>\n<th id=\"sizespecImage\" rowspan=\"5\" width=\"150\"><img decoding=\"async\" src=\"https:\/\/utteam.com\/utt_img\/\/specimages\/2swriz_sweatshirt.png\" \/><\/th>\n<\/tr>\n<tr>\n<td>db\/<i class=\"fa fa-cube\"><\/i><\/td>\n<td class=\"a-center\">36<\/td>\n<td class=\"a-center\">36<\/td>\n<td class=\"a-center\">36<\/td>\n<td class=\"a-center\">36<\/td>\n<td class=\"a-center\">36<\/td>\n<td class=\"a-center\">36<\/td>\n<td class=\"a-center\">12<\/td>\n<td class=\"a-center\">12<\/td>\n<\/tr>\n<tr>\n<td>Testhossz (A)<\/td>\n<td class=\"a-center\">69<\/td>\n<td class=\"a-center\">71<\/td>\n<td class=\"a-center\">74<\/td>\n<td class=\"a-center\">76<\/td>\n<td class=\"a-center\">79<\/td>\n<td class=\"a-center\">81<\/td>\n<td class=\"a-center\">84<\/td>\n<td class=\"a-center\">86<\/td>\n<\/tr>\n<tr>\n<td>Mellsz\u00e9less\u00e9g (B)<\/td>\n<td class=\"a-center\">51<\/td>\n<td class=\"a-center\">56<\/td>\n<td class=\"a-center\">61<\/td>\n<td class=\"a-center\">66<\/td>\n<td class=\"a-center\">71<\/td>\n<td class=\"a-center\">76<\/td>\n<td class=\"a-center\">81<\/td>\n<td class=\"a-center\">86<\/td>\n<\/tr>\n<tr>\n<td>Ujjhossz (C)<\/td>\n<td class=\"a-center\">85<\/td>\n<td class=\"a-center\">88<\/td>\n<td class=\"a-center\">90<\/td>\n<td class=\"a-center\">93<\/td>\n<td class=\"a-center\">95<\/td>\n<td class=\"a-center\">98<\/td>\n<td class=\"a-center\">100<\/td>\n<td class=\"a-center\">103<\/td>\n<\/tr>\n<\/tbody>\n<\/table>\n<\/div>\n","protected":false},"excerpt":{"rendered":"<p>The official Merch of Rockmaraton Festival, printed on Gildan sweatshirt.<\/p>\n<p>GI18000 HEAVY BLEND\u2122 CREWNECK SWEATSHIRT<\/p>\n<p>GI18000 HEAVY BLEND\u2122 k\u00f6rnyak\u00fa pul\u00f3ver<\/p>\n<p>50% Cotton, 50% Polyester<\/p>\n<p>Mos\u00e1s max. 40\u00b0<\/p>\n<p>Washing max. 40\u00b0<\/p>\n","protected":false},"featured_media":6219,"template":"","meta":[],"product_cat":[49,133],"product_tag":[],"_links":{"self":[{"href":"https:\/\/empiremerch.com\/shop\/wp-json\/wp\/v2\/product\/6213"}],"collection":[{"href":"https:\/\/empiremerch.com\/shop\/wp-json\/wp\/v2\/product"}],"about":[{"href":"https:\/\/empiremerch.com\/shop\/wp-json\/wp\/v2\/types\/product"}],"wp:featuredmedia":[{"embeddable":true,"href":"https:\/\/empiremerch.com\/shop\/wp-json\/wp\/v2\/media\/6219"}],"wp:attachment":[{"href":"https:\/\/empiremerch.com\/shop\/wp-json\/wp\/v2\/media?parent=6213"}],"wp:term":[{"taxonomy":"product_cat","embeddable":true,"href":"https:\/\/empiremerch.com\/shop\/wp-json\/wp\/v2\/product_cat?post=6213"},{"taxonomy":"product_tag","embeddable":true,"href":"https:\/\/empiremerch.com\/shop\/wp-json\/wp\/v2\/product_tag?post=6213"}],"curies":[{"name":"wp","href":"https:\/\/api.w.org\/{rel}","templated":true}]}}