{"id":6467,"date":"2022-01-13T13:07:54","date_gmt":"2022-01-13T13:07:54","guid":{"rendered":"https:\/\/empiremerch.com\/shop\/?post_type=product&#038;p=6467"},"modified":"2023-01-02T15:00:06","modified_gmt":"2023-01-02T15:00:06","slug":"szinapszisok-tshirt","status":"publish","type":"product","link":"https:\/\/empiremerch.com\/shop\/product\/szinapszisok-tshirt\/","title":{"rendered":"Szinapszisok tshirt"},"content":{"rendered":"","protected":false},"excerpt":{"rendered":"<p><strong>K\u00e9rlek a feh\u00e9r p\u00f3l\u00f3 v\u00e1s\u00e1rl\u00e1sn\u00e1l vegy\u00e9tek figyelemben, hogy ez a term\u00e9k nincs rakt\u00e1ron.\u00cdgy a megrendel\u00e9s teljes\u00edt\u00e9se ak\u00e1r 7-15 napot is ig\u00e9nybe vehet.K\u00f6sz\u00f6nj\u00fck a t\u00fcrelmeteket!<br \/>\nWhen purchasing the white tshirt, please note that this product is out of stock. This may take up to 7-15 days to complete your order. Thank you for your patience!<\/strong><\/p>\n<p>Gildan Softstyle Black and white T-shirt, 100% cotton.<\/p>\n<p>Gildan Softstyle Fekete \u00e9s feh\u00e9r p\u00f3l\u00f3, 100% pamut.<\/p>\n","protected":false},"featured_media":6473,"template":"","meta":[],"product_cat":[156,22],"product_tag":[],"_links":{"self":[{"href":"https:\/\/empiremerch.com\/shop\/wp-json\/wp\/v2\/product\/6467"}],"collection":[{"href":"https:\/\/empiremerch.com\/shop\/wp-json\/wp\/v2\/product"}],"about":[{"href":"https:\/\/empiremerch.com\/shop\/wp-json\/wp\/v2\/types\/product"}],"wp:featuredmedia":[{"embeddable":true,"href":"https:\/\/empiremerch.com\/shop\/wp-json\/wp\/v2\/media\/6473"}],"wp:attachment":[{"href":"https:\/\/empiremerch.com\/shop\/wp-json\/wp\/v2\/media?parent=6467"}],"wp:term":[{"taxonomy":"product_cat","embeddable":true,"href":"https:\/\/empiremerch.com\/shop\/wp-json\/wp\/v2\/product_cat?post=6467"},{"taxonomy":"product_tag","embeddable":true,"href":"https:\/\/empiremerch.com\/shop\/wp-json\/wp\/v2\/product_tag?post=6467"}],"curies":[{"name":"wp","href":"https:\/\/api.w.org\/{rel}","templated":true}]}}