{"id":6550,"date":"2022-01-13T15:56:38","date_gmt":"2022-01-13T15:56:38","guid":{"rendered":"https:\/\/empiremerch.com\/shop\/?post_type=product&#038;p=6550"},"modified":"2022-01-15T13:15:32","modified_gmt":"2022-01-15T13:15:32","slug":"szinapszisok-totebag","status":"publish","type":"product","link":"https:\/\/empiremerch.com\/shop\/product\/szinapszisok-totebag\/","title":{"rendered":"Szinapszisok totebag"},"content":{"rendered":"<p>Black totebag,100% cotton, One side printed.<\/p>\n<p>Fekete v\u00e1szont\u00e1ska 100% pamut, egy oldalt nyomott.<\/p>\n","protected":false},"excerpt":{"rendered":"<p><strong>K\u00e9rlek a v\u00e1s\u00e1rl\u00e1sn\u00e1l vegy\u00e9tek figyelemben, hogy ez a term\u00e9k nincs rakt\u00e1ron.\u00cdgy a megrendel\u00e9s teljes\u00edt\u00e9se ak\u00e1r  7-15 napot is ig\u00e9nybe vehet.K\u00f6sz\u00f6nj\u00fck a t\u00fcrelmeteket!<br \/>\nWhen purchasing, please note that this product is out of stock. This may take up to 7-15 days to complete your order. Thank you for your patience!<\/strong><\/p>\n","protected":false},"featured_media":6551,"template":"","meta":[],"product_cat":[156,53],"product_tag":[],"_links":{"self":[{"href":"https:\/\/empiremerch.com\/shop\/wp-json\/wp\/v2\/product\/6550"}],"collection":[{"href":"https:\/\/empiremerch.com\/shop\/wp-json\/wp\/v2\/product"}],"about":[{"href":"https:\/\/empiremerch.com\/shop\/wp-json\/wp\/v2\/types\/product"}],"wp:featuredmedia":[{"embeddable":true,"href":"https:\/\/empiremerch.com\/shop\/wp-json\/wp\/v2\/media\/6551"}],"wp:attachment":[{"href":"https:\/\/empiremerch.com\/shop\/wp-json\/wp\/v2\/media?parent=6550"}],"wp:term":[{"taxonomy":"product_cat","embeddable":true,"href":"https:\/\/empiremerch.com\/shop\/wp-json\/wp\/v2\/product_cat?post=6550"},{"taxonomy":"product_tag","embeddable":true,"href":"https:\/\/empiremerch.com\/shop\/wp-json\/wp\/v2\/product_tag?post=6550"}],"curies":[{"name":"wp","href":"https:\/\/api.w.org\/{rel}","templated":true}]}}